{"id":133,"date":"2025-07-04T09:31:46","date_gmt":"2025-07-04T06:31:46","guid":{"rendered":"https:\/\/laboratuvar.atauni.edu.tr\/kbionfinitylab\/?page_id=133"},"modified":"2026-01-27T14:06:39","modified_gmt":"2026-01-27T11:06:39","slug":"members","status":"publish","type":"page","link":"https:\/\/laboratuvar.atauni.edu.tr\/kbionfinitylab\/members\/","title":{"rendered":"Members"},"content":{"rendered":"\t\t<div data-elementor-type=\"wp-page\" data-elementor-id=\"133\" class=\"elementor elementor-133\" data-elementor-post-type=\"page\">\n\t\t\t\t<div class=\"elementor-element elementor-element-fab1b04 e-flex e-con-boxed e-con e-parent\" data-id=\"fab1b04\" data-element_type=\"container\">\n\t\t\t\t\t<div class=\"e-con-inner\">\n\t\t<div class=\"elementor-element elementor-element-72ca4e4 e-con-full e-flex e-con e-child\" data-id=\"72ca4e4\" data-element_type=\"container\">\n\t\t\t\t<div class=\"elementor-element elementor-element-f33f8fe elementor-widget__width-initial elementor-widget elementor-widget-link-in-bio-var-3\" data-id=\"f33f8fe\" data-element_type=\"widget\" data-widget_type=\"link-in-bio-var-3.default\">\n\t\t\t\t<div class=\"elementor-widget-container\">\n\t\t\t\t\t\t\t<div class=\"e-link-in-bio e-link-in-bio-var-3\">\n\t\t\t<div class=\"e-link-in-bio__content\">\n\n\t\t\t\t\t\t<div class=\"e-link-in-bio__identity\">\n\t\t\t\t\t\t\t\t\t<div class=\"e-link-in-bio__identity-image e-link-in-bio__identity-image-profile has-style-circle\">\n\t\t\t\t\t\t\t<img fetchpriority=\"high\" decoding=\"async\" width=\"300\" height=\"300\" src=\"https:\/\/laboratuvar.atauni.edu.tr\/kbionfinitylab\/wp-content\/uploads\/sites\/3\/2025\/09\/Vesikalik-1-300x300.png\" class=\"e-link-in-bio__identity-image-element\" alt=\"\" srcset=\"https:\/\/laboratuvar.atauni.edu.tr\/kbionfinitylab\/wp-content\/uploads\/sites\/3\/2025\/09\/Vesikalik-1-300x300.png 300w, https:\/\/laboratuvar.atauni.edu.tr\/kbionfinitylab\/wp-content\/uploads\/sites\/3\/2025\/09\/Vesikalik-1-150x150.png 150w, https:\/\/laboratuvar.atauni.edu.tr\/kbionfinitylab\/wp-content\/uploads\/sites\/3\/2025\/09\/Vesikalik-1.png 428w\" sizes=\"(max-width: 300px) 100vw, 300px\" \/>\t\t\t\t\t\t\t\t\t\t\t\t\t<\/div>\n\t\t\t\t\t\t\t<\/div>\n\t\t\t\t\t<div class=\"e-link-in-bio__bio\">\n\t\t\t\t<h2 class=\"e-link-in-bio__heading\">K\u00fcbra SOLAK<\/h2>\t\t\t\t<h6 class=\"e-link-in-bio__title\">Principal Investigator (PI)<\/h6>\t\t\t\t\t\t\t\t<p class=\"e-link-in-bio__description\">Asst. Prof. K\u00fcbra Solak, a faculty member at Atat\u00fcrk University, conducts interdisciplinary research in the fields of biotechnology and nanomaterials. As the principal investigator and researcher on projects funded by T\u00dcB\u0130TAK and BAP, she has published national and international articles. Dr. Solak is the principal investigator of the K-Bionfinity Laboratory, which aims to provide an innovative and productive research environment for graduate students.<\/p>\t\t\t<\/div>\n\t\t\t\t\t<div class=\"e-link-in-bio__icons has-size-small\">\n\t\t\t\t\t\t\t<div class=\"e-link-in-bio__icon is-size-small\">\n\t\t\t\t\t<a href=\"https:\/\/www.linkedin.com\/in\/dr-k%C3%BCbra-solak-7a96a012a\/\" target=\"_blank\" rel=\"noopener \" aria-label=\"LinkedIn\" class=\"e-link-in-bio__icon-link\">\n\t\t\t\t\t\t<span class=\"e-link-in-bio__icon-svg\">\n\t\t\t\t\t\t\t<svg aria-hidden=\"true\" class=\"e-font-icon-svg e-fab-linkedin-in\" viewBox=\"0 0 448 512\" xmlns=\"http:\/\/www.w3.org\/2000\/svg\"><path d=\"M100.28 448H7.4V148.9h92.88zM53.79 108.1C24.09 108.1 0 83.5 0 53.8a53.79 53.79 0 0 1 107.58 0c0 29.7-24.1 54.3-53.79 54.3zM447.9 448h-92.68V302.4c0-34.7-.7-79.2-48.29-79.2-48.29 0-55.69 37.7-55.69 76.7V448h-92.78V148.9h89.08v40.8h1.3c12.4-23.5 42.69-48.3 87.88-48.3 94 0 111.28 61.9 111.28 142.3V448z\"><\/path><\/svg>\t\t\t\t\t\t<\/span>\n\t\t\t\t\t\t\t\t\t\t\t<\/a>\n\t\t\t\t<\/div>\n\t\t\t\t\t\t\t<div class=\"e-link-in-bio__icon is-size-small\">\n\t\t\t\t\t<a href=\"https:\/\/x.com\/arbuk25\" target=\"_blank\" rel=\"noopener \" aria-label=\"X (Twitter)\" class=\"e-link-in-bio__icon-link\">\n\t\t\t\t\t\t<span class=\"e-link-in-bio__icon-svg\">\n\t\t\t\t\t\t\t<svg aria-hidden=\"true\" class=\"e-font-icon-svg e-fab-x-twitter\" viewBox=\"0 0 512 512\" xmlns=\"http:\/\/www.w3.org\/2000\/svg\"><path d=\"M389.2 48h70.6L305.6 224.2 487 464H345L233.7 318.6 106.5 464H35.8L200.7 275.5 26.8 48H172.4L272.9 180.9 389.2 48zM364.4 421.8h39.1L151.1 88h-42L364.4 421.8z\"><\/path><\/svg>\t\t\t\t\t\t<\/span>\n\t\t\t\t\t\t\t\t\t\t\t<\/a>\n\t\t\t\t<\/div>\n\t\t\t\t\t<\/div>\n\t\t\n\t\t<div class=\"e-link-in-bio__ctas has-type-button\">\n\t\t\t\t\t\t\t<a href=\"https:\/\/scholar.google.com\/citations?user=ZxeAr2oAAAAJ&#038;hl=tr&#038;oi=ao\" target=\"_blank\" rel=\"noopener \" class=\"e-link-in-bio__cta is-type-button has-corners-rounded\">\n\t\t\t\t\t\t\t\t\t\t<span class=\"e-link-in-bio__cta-text\">\n\t\t\t\t\t\tGoogle Scholar\t\t\t\t\t<\/span>\n\t\t\t\t<\/a>\n\t\t\t\t\t\t\t<a href=\"https:\/\/www.researchgate.net\/profile\/Kuebra-Solak?ev=hdr_xprf\" target=\"_blank\" rel=\"noopener \" class=\"e-link-in-bio__cta is-type-button has-corners-rounded\">\n\t\t\t\t\t\t\t\t\t\t<span class=\"e-link-in-bio__cta-text\">\n\t\t\t\t\t\tResearchgate\t\t\t\t\t<\/span>\n\t\t\t\t<\/a>\n\t\t\t\t\t<\/div>\n\t\t\n\t\t\t<\/div>\n\t\t\t<div class=\"e-link-in-bio__bg\">\n\t\t\t\t<div class=\"e-link-in-bio__bg-overlay\"><\/div>\n\t\t\t<\/div>\n\t\t<\/div>\n\t\t\t\t\t\t<\/div>\n\t\t\t\t<\/div>\n\t\t\t\t<\/div>\n\t\t<div class=\"elementor-element elementor-element-d698d8b e-con-full e-flex e-con e-child\" data-id=\"d698d8b\" data-element_type=\"container\">\n\t\t\t\t<div class=\"elementor-element elementor-element-a09430d elementor-widget elementor-widget-text-editor\" data-id=\"a09430d\" data-element_type=\"widget\" data-widget_type=\"text-editor.default\">\n\t\t\t\t<div class=\"elementor-widget-container\">\n\t\t\t\t\t\t\t\t\t<p data-start=\"40\" data-end=\"516\">Atat\u00fcrk \u00dcniversitesi Fen Fak\u00fcltesi Molek\u00fcler Biyoloji ve Genetik B\u00f6l\u00fcm\u00fc\u2019nde \u00f6\u011fretim \u00fcyesi olan Dr. K\u00fcbra Solak, nanomalzeme ve biyoteknoloji alanlar\u0131nda disiplinler aras\u0131 ara\u015ft\u0131rmalar y\u00fcr\u00fctmektedir. 2015 y\u0131l\u0131nda lisans e\u011fitimini tamamlad\u0131ktan sonra, 2017 y\u0131l\u0131nda y\u00fcksek lisans ve 2023 y\u0131l\u0131nda doktora derecelerini ayn\u0131 \u00fcniversitede Nanobilim ve Nanom\u00fchendislik Anabilim Dal\u0131 Nanobiyoteknoloji Bilim Dal\u0131nda alm\u0131\u015ft\u0131r.<\/p><p data-start=\"518\" data-end=\"928\">Dr. Solak\u2019\u0131n ara\u015ft\u0131rma alanlar\u0131 aras\u0131nda manyetik nanopartik\u00fcller, ferroptozis, gen ve ila\u00e7 ta\u015f\u0131ma sistemleri, biyosens\u00f6r tasar\u0131m\u0131, rekombinant protein \u00fcretimi ve h\u00fccre m\u00fchendisli\u011fi bulunmaktad\u0131r. Bu konularda T\u00dcB\u0130TAK ve BAP destekli projelerde y\u00fcr\u00fct\u00fcc\u00fcl\u00fck ve ara\u015ft\u0131rmac\u0131 olarak g\u00f6rev alm\u0131\u015ft\u0131r. Ayr\u0131ca, akademik veri haz\u0131rlama ve analizi konular\u0131nda e\u011fitimler vermi\u015ftir.<\/p><p data-start=\"930\" data-end=\"1164\">Dr. Solak, <strong data-start=\"941\" data-end=\"1037\">K-Bionfinity (K\u00fcbra\u2019s Bio-Nanotechnology and Future Interdisciplinary Technologies Laboratory)<\/strong> adl\u0131 laboratuvar\u0131n kurucusudur ve burada \u00f6\u011frencilerle birlikte yenilik\u00e7i biyoteknolojik \u00e7\u00f6z\u00fcmler geli\u015ftirmeyi hedeflemektedir.<\/p>\t\t\t\t\t\t\t\t<\/div>\n\t\t\t\t<\/div>\n\t\t\t\t<div class=\"elementor-element elementor-element-3f608ec elementor-widget-divider--view-line_icon elementor-view-default elementor-widget-divider--element-align-center elementor-widget elementor-widget-divider\" data-id=\"3f608ec\" data-element_type=\"widget\" data-widget_type=\"divider.default\">\n\t\t\t\t<div class=\"elementor-widget-container\">\n\t\t\t\t\t\t\t<div class=\"elementor-divider\">\n\t\t\t<span class=\"elementor-divider-separator\">\n\t\t\t\t\t\t\t<div class=\"elementor-icon elementor-divider__element\">\n\t\t\t\t\t<svg aria-hidden=\"true\" class=\"e-font-icon-svg e-fas-star\" viewBox=\"0 0 576 512\" xmlns=\"http:\/\/www.w3.org\/2000\/svg\"><path d=\"M259.3 17.8L194 150.2 47.9 171.5c-26.2 3.8-36.7 36.1-17.7 54.6l105.7 103-25 145.5c-4.5 26.3 23.2 46 46.4 33.7L288 439.6l130.7 68.7c23.2 12.2 50.9-7.4 46.4-33.7l-25-145.5 105.7-103c19-18.5 8.5-50.8-17.7-54.6L382 150.2 316.7 17.8c-11.7-23.6-45.6-23.9-57.4 0z\"><\/path><\/svg><\/div>\n\t\t\t\t\t\t<\/span>\n\t\t<\/div>\n\t\t\t\t\t\t<\/div>\n\t\t\t\t<\/div>\n\t\t\t\t<\/div>\n\t\t\t\t\t<\/div>\n\t\t\t\t<\/div>\n\t\t<div class=\"elementor-element elementor-element-34156e5 e-flex e-con-boxed e-con e-parent\" data-id=\"34156e5\" data-element_type=\"container\">\n\t\t\t\t\t<div class=\"e-con-inner\">\n\t\t\t\t<div class=\"elementor-element elementor-element-3359fb9 e-n-tabs-mobile elementor-widget elementor-widget-n-tabs\" data-id=\"3359fb9\" data-element_type=\"widget\" data-settings=\"{&quot;horizontal_scroll&quot;:&quot;disable&quot;}\" data-widget_type=\"nested-tabs.default\">\n\t\t\t\t<div class=\"elementor-widget-container\">\n\t\t\t\t\t\t\t<div class=\"e-n-tabs\" data-widget-number=\"53845945\" aria-label=\"Sekmeler. Enter ve Space ile \u00f6geleri a\u00e7abilir, Escape ile \u00f6geleri kapatabilir ve Y\u00f6n tu\u015flar\u0131 ile \u00f6geler aras\u0131nda gezinebilirsiniz.\">\n\t\t\t<div class=\"e-n-tabs-heading\" role=\"tablist\">\n\t\t\t\t\t<button id=\"e-n-tab-title-538459451\" class=\"e-n-tab-title\" aria-selected=\"true\" data-tab-index=\"1\" role=\"tab\" tabindex=\"0\" aria-controls=\"e-n-tab-content-538459451\" style=\"--n-tabs-title-order: 1;\">\n\t\t\t\t\t\t<span class=\"e-n-tab-title-text\">\n\t\t\t\tMaster\t\t\t<\/span>\n\t\t<\/button>\n\t\t\t\t<button id=\"e-n-tab-title-538459452\" class=\"e-n-tab-title\" aria-selected=\"false\" data-tab-index=\"2\" role=\"tab\" tabindex=\"-1\" aria-controls=\"e-n-tab-content-538459452\" style=\"--n-tabs-title-order: 2;\">\n\t\t\t\t\t\t<span class=\"e-n-tab-title-text\">\n\t\t\t\tCollaborations\t\t\t<\/span>\n\t\t<\/button>\n\t\t\t\t<button id=\"e-n-tab-title-538459453\" class=\"e-n-tab-title\" aria-selected=\"false\" data-tab-index=\"3\" role=\"tab\" tabindex=\"-1\" aria-controls=\"e-n-tab-content-538459453\" style=\"--n-tabs-title-order: 3;\">\n\t\t\t\t\t\t<span class=\"e-n-tab-title-text\">\n\t\t\t\tAlumni\t\t\t<\/span>\n\t\t<\/button>\n\t\t\t\t\t<\/div>\n\t\t\t<div class=\"e-n-tabs-content\">\n\t\t\t\t<div id=\"e-n-tab-content-538459451\" role=\"tabpanel\" aria-labelledby=\"e-n-tab-title-538459451\" data-tab-index=\"1\" style=\"--n-tabs-title-order: 1;\" class=\"e-active elementor-element elementor-element-03a79fb e-con-full e-flex e-con e-child\" data-id=\"03a79fb\" data-element_type=\"container\">\n\t\t<div class=\"elementor-element elementor-element-23535bd e-con-full e-flex e-con e-child\" data-id=\"23535bd\" data-element_type=\"container\">\n\t\t\t\t<div class=\"elementor-element elementor-element-fbadff4 elementor-position-left elementor-vertical-align-middle elementor-widget elementor-widget-image-box\" data-id=\"fbadff4\" data-element_type=\"widget\" data-widget_type=\"image-box.default\">\n\t\t\t\t<div class=\"elementor-widget-container\">\n\t\t\t\t\t<div class=\"elementor-image-box-wrapper\"><figure class=\"elementor-image-box-img\"><img decoding=\"async\" width=\"741\" height=\"982\" src=\"https:\/\/laboratuvar.atauni.edu.tr\/kbionfinitylab\/wp-content\/uploads\/sites\/3\/2025\/12\/Picture1.jpg\" class=\"attachment-large size-large wp-image-466\" alt=\"\" srcset=\"https:\/\/laboratuvar.atauni.edu.tr\/kbionfinitylab\/wp-content\/uploads\/sites\/3\/2025\/12\/Picture1.jpg 741w, https:\/\/laboratuvar.atauni.edu.tr\/kbionfinitylab\/wp-content\/uploads\/sites\/3\/2025\/12\/Picture1-226x300.jpg 226w\" sizes=\"(max-width: 741px) 100vw, 741px\" \/><\/figure><div class=\"elementor-image-box-content\"><h3 class=\"elementor-image-box-title\">Mohammed Abdulilah Nahi <\/h3><p class=\"elementor-image-box-description\">2024 y\u0131l\u0131nda Al-Maaref \u00dcniversitesinden lisans diplomas\u0131n\u0131 ald\u0131ktan sonra, y\u00fcksek lisans e\u011fitimine devam etmek \u00fczere Atat\u00fcrk \u00dcniversitesi\u2019ne ba\u015flam\u0131\u015ft\u0131r. Ara\u015ft\u0131rmac\u0131 Mohammed Abdulilah Nahi, molek\u00fcler ve genetik bilimler alan\u0131nda ara\u015ft\u0131rma y\u00fcr\u00fctmektedir.<br><br><span style=\"font-size: 1rem\">After receiving his bachelor's degree from Al-Maaref University in 2024, he began his master's degree at Atat\u00fcrk University. Researcher Mohammed Abdulilah Nahi conducts research in the field of molecular and genetic sciences.<\/span><\/p><\/div><\/div>\t\t\t\t<\/div>\n\t\t\t\t<\/div>\n\t\t\t\t<\/div>\n\t\t\t\t<\/div>\n\t\t<div id=\"e-n-tab-content-538459452\" role=\"tabpanel\" aria-labelledby=\"e-n-tab-title-538459452\" data-tab-index=\"2\" style=\"--n-tabs-title-order: 2;\" class=\" elementor-element elementor-element-291c3d8 e-con-full e-flex e-con e-child\" data-id=\"291c3d8\" data-element_type=\"container\">\n\t\t\t\t<div class=\"elementor-element elementor-element-85744d3 elementor--h-position-center elementor--v-position-middle elementor-arrows-position-inside elementor-pagination-position-inside elementor-widget elementor-widget-slides\" data-id=\"85744d3\" data-element_type=\"widget\" data-settings=\"{&quot;navigation&quot;:&quot;both&quot;,&quot;autoplay&quot;:&quot;yes&quot;,&quot;pause_on_hover&quot;:&quot;yes&quot;,&quot;pause_on_interaction&quot;:&quot;yes&quot;,&quot;autoplay_speed&quot;:5000,&quot;infinite&quot;:&quot;yes&quot;,&quot;transition&quot;:&quot;slide&quot;,&quot;transition_speed&quot;:500}\" data-widget_type=\"slides.default\">\n\t\t\t\t<div class=\"elementor-widget-container\">\n\t\t\t\t\t\t\t\t\t<div class=\"elementor-swiper\">\n\t\t\t\t\t<div class=\"elementor-slides-wrapper elementor-main-swiper swiper\" role=\"region\" aria-roledescription=\"carousel\" aria-label=\"Slides\" dir=\"ltr\" data-animation=\"fadeInUp\">\n\t\t\t\t<div class=\"swiper-wrapper elementor-slides\">\n\t\t\t\t\t\t\t\t\t\t<div class=\"elementor-repeater-item-cecfc2c swiper-slide\" role=\"group\" aria-roledescription=\"slide\"><div class=\"swiper-slide-bg\" role=\"img\"><\/div><div class=\"elementor-background-overlay\"><\/div><a class=\"swiper-slide-inner\" href=\"https:\/\/mavinanobiotechtr.wixsite.com\/mavinanobiotech\"><div class=\"swiper-slide-contents\"><div class=\"elementor-slide-heading\">MAVI NANOBIOTECHNOLOGY GROUP<\/div><div  class=\"elementor-button elementor-slide-button elementor-size-sm\">Bilgi<\/div><\/div><\/a><\/div><div class=\"elementor-repeater-item-b32d366 swiper-slide\" role=\"group\" aria-roledescription=\"slide\"><div class=\"swiper-slide-bg\" role=\"img\"><\/div><div class=\"elementor-background-overlay\"><\/div><a class=\"swiper-slide-inner\" href=\"https:\/\/avesis.atauni.edu.tr\/yunver\/deneyim\"><div class=\"swiper-slide-contents\"><div class=\"elementor-slide-heading\">YUNVER LAB<\/div><div  class=\"elementor-button elementor-slide-button elementor-size-sm\">Bilgi<\/div><\/div><\/a><\/div><div class=\"elementor-repeater-item-9dca99c swiper-slide\" role=\"group\" aria-roledescription=\"slide\"><div class=\"swiper-slide-bg\" role=\"img\"><\/div><div class=\"elementor-background-overlay\"><\/div><a class=\"swiper-slide-inner\" href=\"http:\/\/bestlaboratory.co.kr\/\"><div class=\"swiper-slide-contents\"><div class=\"elementor-slide-heading\">BEST LAB<\/div><div class=\"elementor-slide-description\">Bionano Engineering and Sensing Technology Laboratory\u2028 - Sungkyunkwan University<\/div><div  class=\"elementor-button elementor-slide-button elementor-size-sm\">Bilgi<\/div><\/div><\/a><\/div><div class=\"elementor-repeater-item-4830438 swiper-slide\" role=\"group\" aria-roledescription=\"slide\"><div class=\"swiper-slide-bg\" role=\"img\"><\/div><div class=\"elementor-background-overlay\"><\/div><a class=\"swiper-slide-inner\" href=\"https:\/\/erzurum.edu.tr\/personel\/4084\/adem-kara#gsc.tab=0\"><div class=\"swiper-slide-contents\"><div class=\"elementor-slide-heading\">Prof. Adem KARA<\/div><div  class=\"elementor-button elementor-slide-button elementor-size-sm\">Bilgi<\/div><\/div><\/a><\/div>\t\t\t\t<\/div>\n\t\t\t\t\t\t\t\t\t\t\t\t\t\t\t<div class=\"elementor-swiper-button elementor-swiper-button-prev\" role=\"button\" tabindex=\"0\" aria-label=\"Previous slide\">\n\t\t\t\t\t\t\t<svg aria-hidden=\"true\" class=\"e-font-icon-svg e-eicon-chevron-left\" viewBox=\"0 0 1000 1000\" xmlns=\"http:\/\/www.w3.org\/2000\/svg\"><path d=\"M646 125C629 125 613 133 604 142L308 442C296 454 292 471 292 487 292 504 296 521 308 533L604 854C617 867 629 875 646 875 663 875 679 871 692 858 704 846 713 829 713 812 713 796 708 779 692 767L438 487 692 225C700 217 708 204 708 187 708 171 704 154 692 142 675 129 663 125 646 125Z\"><\/path><\/svg>\t\t\t\t\t\t<\/div>\n\t\t\t\t\t\t<div class=\"elementor-swiper-button elementor-swiper-button-next\" role=\"button\" tabindex=\"0\" aria-label=\"Next slide\">\n\t\t\t\t\t\t\t<svg aria-hidden=\"true\" class=\"e-font-icon-svg e-eicon-chevron-right\" viewBox=\"0 0 1000 1000\" xmlns=\"http:\/\/www.w3.org\/2000\/svg\"><path d=\"M696 533C708 521 713 504 713 487 713 471 708 454 696 446L400 146C388 133 375 125 354 125 338 125 325 129 313 142 300 154 292 171 292 187 292 204 296 221 308 233L563 492 304 771C292 783 288 800 288 817 288 833 296 850 308 863 321 871 338 875 354 875 371 875 388 867 400 854L696 533Z\"><\/path><\/svg>\t\t\t\t\t\t<\/div>\n\t\t\t\t\t\t\t\t\t\t\t\t\t\t\t\t<div class=\"swiper-pagination\"><\/div>\n\t\t\t\t\t\t\t\t\t\t\t\t<\/div>\n\t\t\t\t<\/div>\n\t\t\t\t\t\t\t\t<\/div>\n\t\t\t\t<\/div>\n\t\t\t\t<\/div>\n\t\t<div id=\"e-n-tab-content-538459453\" role=\"tabpanel\" aria-labelledby=\"e-n-tab-title-538459453\" data-tab-index=\"3\" style=\"--n-tabs-title-order: 3;\" class=\" elementor-element elementor-element-c2c32a0 e-con-full e-flex e-con e-child\" data-id=\"c2c32a0\" data-element_type=\"container\">\n\t\t<div class=\"elementor-element elementor-element-5605917 e-con-full e-flex e-con e-child\" data-id=\"5605917\" data-element_type=\"container\">\n\t\t\t\t<div class=\"elementor-element elementor-element-e66b07a elementor-position-left elementor-vertical-align-middle elementor-widget elementor-widget-image-box\" data-id=\"e66b07a\" data-element_type=\"widget\" data-widget_type=\"image-box.default\">\n\t\t\t\t<div class=\"elementor-widget-container\">\n\t\t\t\t\t<div class=\"elementor-image-box-wrapper\"><figure class=\"elementor-image-box-img\"><a href=\"http:\/\/mertyuksel1907@gmail.com%20\" tabindex=\"-1\"><img decoding=\"async\" width=\"451\" height=\"529\" src=\"https:\/\/laboratuvar.atauni.edu.tr\/kbionfinitylab\/wp-content\/uploads\/sites\/3\/2025\/12\/Picture1.png\" class=\"attachment-large size-large wp-image-446\" alt=\"\" srcset=\"https:\/\/laboratuvar.atauni.edu.tr\/kbionfinitylab\/wp-content\/uploads\/sites\/3\/2025\/12\/Picture1.png 451w, https:\/\/laboratuvar.atauni.edu.tr\/kbionfinitylab\/wp-content\/uploads\/sites\/3\/2025\/12\/Picture1-256x300.png 256w\" sizes=\"(max-width: 451px) 100vw, 451px\" \/><\/a><\/figure><div class=\"elementor-image-box-content\"><h3 class=\"elementor-image-box-title\"><a href=\"http:\/\/mertyuksel1907@gmail.com%20\">Mert Y\u00fcksel<\/a><\/h3><p class=\"elementor-image-box-description\">2247-C Star Program\u0131 kapsam\u0131nda k\u0131sa s\u00fcrelii grubumuzda \u00e7al\u0131\u015fan Mert Y\u00fcksel, kodlanmayan RNA\u2019lar, dijital damlac\u0131k PCR (ddPCR), ila\u00e7\u2013ila\u00e7 etkile\u015fimleri ve kanser patogenezi alanlar\u0131na merakl\u0131, \u00fcretken ve ara\u015ft\u0131rmay\u0131 merkeze alan gen\u00e7 bir bilim insan\u0131d\u0131r. Ya\u015fam\u0131nda ba\u015far\u0131lar Mert!<br><br>Mert Y\u00fcksel, who worked in our short-term group under the 2247-C Star Program, is a productive young scientist with a passion for research, focusing on non-coding RNAs, digital droplet PCR (ddPCR), drug-drug interactions, and cancer pathogenesis. <br>Best of luck in your future endeavors, Mert!<\/p><\/div><\/div>\t\t\t\t<\/div>\n\t\t\t\t<\/div>\n\t\t\t\t<\/div>\n\t\t\t\t<\/div>\n\t\t\t\t\t<\/div>\n\t\t<\/div>\n\t\t\t\t\t\t<\/div>\n\t\t\t\t<\/div>\n\t\t\t\t\t<\/div>\n\t\t\t\t<\/div>\n\t\t<div class=\"elementor-element elementor-element-2032bca e-flex e-con-boxed e-con e-parent\" data-id=\"2032bca\" data-element_type=\"container\">\n\t\t\t\t\t<div class=\"e-con-inner\">\n\t\t\t\t<div class=\"elementor-element elementor-element-9ec309a elementor-flip-box--effect-flip elementor-flip-box--direction-up elementor-widget elementor-widget-flip-box\" data-id=\"9ec309a\" data-element_type=\"widget\" data-widget_type=\"flip-box.default\">\n\t\t\t\t<div class=\"elementor-widget-container\">\n\t\t\t\t\t\t\t<div class=\"elementor-flip-box\" tabindex=\"0\">\n\t\t\t<div class=\"elementor-flip-box__layer elementor-flip-box__front\">\n\t\t\t\t<div class=\"elementor-flip-box__layer__overlay\">\n\t\t\t\t\t<div class=\"elementor-flip-box__layer__inner\">\n\t\t\t\t\t\t\n\t\t\t\t\t\t\t\t\t\t\t\t\t<h1 class=\"elementor-flip-box__layer__title\">\n\t\t\t\t\t\t\t\tProf Oktay Sinano\u011flu\t\t\t\t\t\t\t<\/h1>\n\t\t\t\t\t\t\n\t\t\t\t\t\t\t\t\t\t\t\t\t<h1 class=\"elementor-flip-box__layer__description\">\n\t\t\t\t\t\t\t\t\u201cBilimde ba\u015far\u0131 disiplin ister; disiplinin k\u00f6k\u00fcnde k\u00fclt\u00fcr ve inan\u00e7 vard\u0131r.\u201d\t\t\t\t\t\t\t<\/h1>\n\t\t\t\t\t\t\t\t\t\t\t<\/div>\n\t\t\t\t<\/div>\n\t\t\t<\/div>\n\t\t\t<div class=\"elementor-flip-box__layer elementor-flip-box__back\">\n\t\t\t<div class=\"elementor-flip-box__layer__overlay\">\n\t\t\t\t<div class=\"elementor-flip-box__layer__inner\">\n\t\t\t\t\t\t\t\t\t\t\t<h1 class=\"elementor-flip-box__layer__title\">\n\t\t\t\t\t\t\tAl-Biruni\t\t\t\t\t\t<\/h1>\n\t\t\t\t\t\n\t\t\t\t\t\t\t\t\t\t\t<h1 class=\"elementor-flip-box__layer__description\">\n\t\t\t\t\t\t\t\u201cHakikati aramak, ona ula\u015fmaktan daha de\u011ferlidir.\u201d\t\t\t\t\t\t<\/h1>\n\t\t\t\t\t\n\t\t\t\t\t\t\t\t<\/div>\n\t\t<\/div>\n\t\t<\/div>\n\t\t<\/div>\n\t\t\t\t\t\t<\/div>\n\t\t\t\t<\/div>\n\t\t\t\t\t<\/div>\n\t\t\t\t<\/div>\n\t\t\t\t<\/div>\n\t\t","protected":false},"excerpt":{"rendered":"<p>K\u00fcbra SOLAK Principal Investigator (PI) Asst. Prof. K\u00fcbra Solak, a faculty member at Atat\u00fcrk University, conducts interdisciplinary research in the fields of biotechnology and nanomaterials. As the principal investigator and researcher on projects funded by T\u00dcB\u0130TAK and BAP, she has published national and international articles. Dr. Solak is the principal investigator of the K-Bionfinity Laboratory, [&hellip;]<\/p>\n","protected":false},"author":2,"featured_media":0,"parent":0,"menu_order":0,"comment_status":"closed","ping_status":"closed","template":"","meta":{"footnotes":""},"class_list":["post-133","page","type-page","status-publish","hentry"],"_links":{"self":[{"href":"https:\/\/laboratuvar.atauni.edu.tr\/kbionfinitylab\/wp-json\/wp\/v2\/pages\/133","targetHints":{"allow":["GET"]}}],"collection":[{"href":"https:\/\/laboratuvar.atauni.edu.tr\/kbionfinitylab\/wp-json\/wp\/v2\/pages"}],"about":[{"href":"https:\/\/laboratuvar.atauni.edu.tr\/kbionfinitylab\/wp-json\/wp\/v2\/types\/page"}],"author":[{"embeddable":true,"href":"https:\/\/laboratuvar.atauni.edu.tr\/kbionfinitylab\/wp-json\/wp\/v2\/users\/2"}],"replies":[{"embeddable":true,"href":"https:\/\/laboratuvar.atauni.edu.tr\/kbionfinitylab\/wp-json\/wp\/v2\/comments?post=133"}],"version-history":[{"count":37,"href":"https:\/\/laboratuvar.atauni.edu.tr\/kbionfinitylab\/wp-json\/wp\/v2\/pages\/133\/revisions"}],"predecessor-version":[{"id":503,"href":"https:\/\/laboratuvar.atauni.edu.tr\/kbionfinitylab\/wp-json\/wp\/v2\/pages\/133\/revisions\/503"}],"wp:attachment":[{"href":"https:\/\/laboratuvar.atauni.edu.tr\/kbionfinitylab\/wp-json\/wp\/v2\/media?parent=133"}],"curies":[{"name":"wp","href":"https:\/\/api.w.org\/{rel}","templated":true}]}}